{"id":62,"date":"2026-02-23T16:59:21","date_gmt":"2026-02-23T16:59:21","guid":{"rendered":"https:\/\/angol-tanar.com\/shop\/?post_type=product&#038;p=62"},"modified":"2026-03-05T13:37:03","modified_gmt":"2026-03-05T13:37:03","slug":"angol-nyelvtani-gyakorlatok-a1-b1-szint","status":"publish","type":"product","link":"https:\/\/angol-tanar.com\/shop\/product\/angol-nyelvtani-gyakorlatok-a1-b1-szint\/","title":{"rendered":"Angol nyelvtani gyakorlatok (A1\u2013B1) E-k\u00f6nyv"},"content":{"rendered":"<h2 data-section-id=\"1axj13f\" data-start=\"118\" data-end=\"162\">Angol nyelvtani gyakorlatok (A1\u2013B1 szint)<\/h2>\n<p data-start=\"164\" data-end=\"254\">Szeretn\u00e9l v\u00e9gre magabiztosan angolul besz\u00e9lni?<br data-start=\"210\" data-end=\"213\" \/>\u00dagy \u00e9rzed, a nyelvtan az, ami visszatart?<\/p>\n<p data-start=\"496\" data-end=\"619\">Ez a k\u00f6nyv sok gyakorl\u00f3feladattal \u00e9s azonnali ellen\u0151rz\u00e9ssel seg\u00edti a tud\u00e1sod elm\u00e9ly\u00edt\u00e9s\u00e9t.<\/p>\n<hr data-start=\"375\" data-end=\"378\" \/>\n<h3 data-section-id=\"1k8sbxn\" data-start=\"380\" data-end=\"408\">\ud83d\udcd8 Mit kapsz a k\u00f6nyvben?<\/h3>\n<p data-start=\"410\" data-end=\"605\">\u2714 <strong data-start=\"412\" data-end=\"429\">165 gyakorlat<\/strong> A1\u2013B1 szinten<br data-start=\"443\" data-end=\"446\" \/>\u2714 R\u00e9szletes <strong data-start=\"458\" data-end=\"474\">megold\u00f3kulcs<\/strong>, hogy \u00f6n\u00e1ll\u00f3an is tudj tanulni<br data-start=\"505\" data-end=\"508\" \/>\u2714 A legfontosabb angol nyelvtani t\u00e9m\u00e1k rendszerezve<br data-start=\"559\" data-end=\"562\" \/>\u2714 Kezd\u0151t\u0151l \u00fajrakezd\u0151kig ide\u00e1lis fel\u00e9p\u00edt\u00e9s<\/p>\n<hr data-start=\"607\" data-end=\"610\" \/>\n<h3 data-section-id=\"wzx1jj\" data-start=\"612\" data-end=\"634\">\ud83c\udfaf Kinek aj\u00e1nlott?<\/h3>\n<ul data-start=\"636\" data-end=\"868\">\n<li data-section-id=\"b0vzap\" data-start=\"636\" data-end=\"664\">\n<p data-start=\"638\" data-end=\"664\">Ha most kezded az angolt<\/p>\n<\/li>\n<li data-section-id=\"11sunh6\" data-start=\"665\" data-end=\"722\">\n<p data-start=\"667\" data-end=\"722\">Ha \u00fajrakezd\u0151 vagy \u00e9s rendszerezni szeretn\u00e9d a tud\u00e1sod<\/p>\n<\/li>\n<li data-section-id=\"dhm26k\" data-start=\"723\" data-end=\"769\">\n<p data-start=\"725\" data-end=\"769\">Ha nyelvvizsg\u00e1ra vagy \u00e9retts\u00e9gire k\u00e9sz\u00fclsz<\/p>\n<\/li>\n<li data-section-id=\"7r8lzj\" data-start=\"770\" data-end=\"817\">\n<p data-start=\"772\" data-end=\"817\">Ha \u00f6n\u00e1ll\u00f3an szeretn\u00e9l fejl\u0151dni tan\u00e1r n\u00e9lk\u00fcl<\/p>\n<\/li>\n<li data-section-id=\"1g2o5m2\" data-start=\"818\" data-end=\"868\">\n<p data-start=\"820\" data-end=\"868\">Ha besz\u00e9dben bizonytalan vagy a nyelvtan miatt<\/p>\n<\/li>\n<\/ul>\n<hr data-start=\"870\" data-end=\"873\" \/>\n<h3 data-section-id=\"ojaj0o\" data-start=\"875\" data-end=\"908\">\ud83d\udcda Milyen t\u00e9m\u00e1kat gyakorolsz?<\/h3>\n<ul data-start=\"910\" data-end=\"1075\">\n<li data-section-id=\"1s00s2x\" data-start=\"910\" data-end=\"941\">\n<p data-start=\"912\" data-end=\"941\">Igeid\u0151k<\/p>\n<\/li>\n<li data-section-id=\"sjipo8\" data-start=\"942\" data-end=\"955\">\n<p data-start=\"944\" data-end=\"955\">Seg\u00e9dig\u00e9k<\/p>\n<\/li>\n<li data-section-id=\"x6qas7\" data-start=\"956\" data-end=\"979\">\n<p data-start=\"958\" data-end=\"979\">K\u00e9rd\u00e9sek \u00e9s tagad\u00e1s<\/p>\n<\/li>\n<li data-section-id=\"7pp2cm\" data-start=\"980\" data-end=\"1006\">\n<p data-start=\"982\" data-end=\"1006\">N\u00e9vm\u00e1sok, el\u00f6lj\u00e1r\u00f3sz\u00f3k<\/p>\n<\/li>\n<li data-section-id=\"sg2nem\" data-start=\"1007\" data-end=\"1033\">\n<p data-start=\"1009\" data-end=\"1033\">Mell\u00e9knevek, hat\u00e1roz\u00f3k<\/p>\n<\/li>\n<li data-section-id=\"1gn27xn\" data-start=\"1034\" data-end=\"1075\">\n<p data-start=\"1036\" data-end=\"1075\">Alap \u00e9s k\u00f6z\u00e9phalad\u00f3 mondatszerkezetek<\/p>\n<\/li>\n<\/ul>\n<p data-start=\"1077\" data-end=\"1166\">A feladatok fokozatosan nehezednek, \u00edgy l\u00e9p\u00e9sr\u0151l l\u00e9p\u00e9sre \u00e9p\u00edtheted fel a biztos alapokat.<\/p>\n<h3 data-section-id=\"czhrih\" data-start=\"1173\" data-end=\"1194\">\ud83d\udca1 Mi\u00e9rt m\u0171k\u00f6dik?<\/h3>\n<p data-start=\"1196\" data-end=\"1370\">A legt\u00f6bben nem a magyar\u00e1zatot hi\u00e1nyolj\u00e1k \u2014 hanem a <strong data-start=\"1248\" data-end=\"1282\">rendszeres, c\u00e9lzott gyakorl\u00e1st<\/strong>.<br data-start=\"1283\" data-end=\"1286\" \/>Ez a k\u00f6nyv pontosan erre \u00e9p\u00fcl: sok, j\u00f3l fel\u00e9p\u00edtett feladat + ellen\u0151rizhet\u0151 megold\u00e1s.<\/p>\n<p data-start=\"1372\" data-end=\"1419\">Nem csak olvasod a nyelvtant. <strong data-start=\"1402\" data-end=\"1419\">Haszn\u00e1lod is.<\/strong><\/p>\n<hr data-start=\"1421\" data-end=\"1424\" \/>\n<h3 data-section-id=\"18lvqjq\" data-start=\"1426\" data-end=\"1457\">\ud83d\udc49 Kezdj el fejl\u0151dni m\u00e1r ma!<\/h3>\n<p data-start=\"1459\" data-end=\"1550\">Rendeld meg most, \u00e9s \u00e9p\u00edts stabil angol alapokat, amelyekre k\u00e9s\u0151bb b\u00e1rmit r\u00e1 tudsz \u00e9p\u00edteni.<\/p>\n<p data-start=\"1552\" data-end=\"1599\" data-is-last-node=\"\" data-is-only-node=\"\"><strong data-start=\"1552\" data-end=\"1599\" data-is-last-node=\"\">Tedd kos\u00e1rba most, \u00e9s kezd\u0151dj\u00f6n a fejl\u0151d\u00e9s!<\/strong><\/p>\n","protected":false},"excerpt":{"rendered":"<div class=\"flex flex-col text-sm pb-25\">\n<article class=\"text-token-text-primary w-full focus:outline-none [--shadow-height:45px] has-data-writing-block:pointer-events-none has-data-writing-block:-mt-(--shadow-height) has-data-writing-block:pt-(--shadow-height) [&amp;:has([data-writing-block])&gt;*]:pointer-events-auto scroll-mt-[calc(var(--header-height)+min(200px,max(70px,20svh)))]\" dir=\"auto\" tabindex=\"-1\" data-turn-id=\"request-WEB:7339c6a0-2b20-46de-b09c-85113914f263-11\" data-testid=\"conversation-turn-6\" data-scroll-anchor=\"true\" data-turn=\"assistant\">\n<div class=\"text-base my-auto mx-auto pb-10 [--thread-content-margin:--spacing(4)] @w-sm\/main:[--thread-content-margin:--spacing(6)] @w-lg\/main:[--thread-content-margin:--spacing(16)] px-(--thread-content-margin)\">\n<div class=\"[--thread-content-max-width:40rem] @w-lg\/main:[--thread-content-max-width:48rem] mx-auto max-w-(--thread-content-max-width) flex-1 group\/turn-messages focus-visible:outline-hidden relative flex w-full min-w-0 flex-col agent-turn\" tabindex=\"-1\">\n<div class=\"flex max-w-full flex-col grow\">\n<div class=\"min-h-8 text-message relative flex w-full flex-col items-end gap-2 text-start break-words whitespace-normal [.text-message+&amp;]:mt-1\" dir=\"auto\" data-message-author-role=\"assistant\" data-message-id=\"f7626e6b-7c85-405a-bbbe-374e3d6c8e1a\" data-message-model-slug=\"gpt-5-2\">\n<div class=\"flex w-full flex-col gap-1 empty:hidden first:pt-[1px]\">\n<div class=\"markdown prose dark:prose-invert w-full wrap-break-word light markdown-new-styling\">\n<p data-start=\"70\" data-end=\"249\" data-is-last-node=\"\" data-is-only-node=\"\"><strong data-start=\"70\" data-end=\"126\">165 gyakorlat + r\u00e9szletes megold\u00f3kulcs egy k\u00f6nyvben.<br \/>\n<\/strong>Ide\u00e1lis v\u00e1laszt\u00e1s A1\u2013B1 szinten a nyelvtani tud\u00e1s gyakorl\u00e1s\u00e1ra \u00e9s ellen\u0151rz\u00e9s\u00e9re, ak\u00e1r \u00f6n\u00e1ll\u00f3 tanul\u00e1shoz is.<\/p>\n<p data-start=\"334\" data-end=\"562\">\n<\/div>\n<\/div>\n<\/div>\n<\/div>\n<\/div>\n<\/div>\n<\/article>\n<\/div>\n","protected":false},"featured_media":80,"comment_status":"open","ping_status":"closed","template":"","meta":{"site-sidebar-layout":"default","site-content-layout":"","ast-site-content-layout":"default","site-content-style":"default","site-sidebar-style":"default","ast-global-header-display":"","ast-banner-title-visibility":"","ast-main-header-display":"","ast-hfb-above-header-display":"","ast-hfb-below-header-display":"","ast-hfb-mobile-header-display":"","site-post-title":"","ast-breadcrumbs-content":"","ast-featured-img":"","footer-sml-layout":"","ast-disable-related-posts":"","theme-transparent-header-meta":"default","adv-header-id-meta":"","stick-header-meta":"","header-above-stick-meta":"","header-main-stick-meta":"","header-below-stick-meta":"","astra-migrate-meta-layouts":"set","ast-page-background-enabled":"default","ast-page-background-meta":{"desktop":{"background-color":"var(--ast-global-color-5)","background-image":"","background-repeat":"repeat","background-position":"center center","background-size":"auto","background-attachment":"scroll","background-type":"","background-media":"","overlay-type":"","overlay-color":"","overlay-opacity":"","overlay-gradient":""},"tablet":{"background-color":"","background-image":"","background-repeat":"repeat","background-position":"center center","background-size":"auto","background-attachment":"scroll","background-type":"","background-media":"","overlay-type":"","overlay-color":"","overlay-opacity":"","overlay-gradient":""},"mobile":{"background-color":"","background-image":"","background-repeat":"repeat","background-position":"center center","background-size":"auto","background-attachment":"scroll","background-type":"","background-media":"","overlay-type":"","overlay-color":"","overlay-opacity":"","overlay-gradient":""}},"ast-content-background-meta":{"desktop":{"background-color":"var(--ast-global-color-4)","background-image":"","background-repeat":"repeat","background-position":"center center","background-size":"auto","background-attachment":"scroll","background-type":"","background-media":"","overlay-type":"","overlay-color":"","overlay-opacity":"","overlay-gradient":""},"tablet":{"background-color":"var(--ast-global-color-4)","background-image":"","background-repeat":"repeat","background-position":"center center","background-size":"auto","background-attachment":"scroll","background-type":"","background-media":"","overlay-type":"","overlay-color":"","overlay-opacity":"","overlay-gradient":""},"mobile":{"background-color":"var(--ast-global-color-4)","background-image":"","background-repeat":"repeat","background-position":"center center","background-size":"auto","background-attachment":"scroll","background-type":"","background-media":"","overlay-type":"","overlay-color":"","overlay-opacity":"","overlay-gradient":""}}},"product_brand":[],"product_cat":[15],"product_tag":[],"class_list":{"0":"post-62","1":"product","2":"type-product","3":"status-publish","4":"has-post-thumbnail","6":"product_cat-uncategorized","7":"desktop-align-left","8":"tablet-align-left","9":"mobile-align-left","11":"first","12":"instock","13":"featured","14":"downloadable","15":"virtual","16":"sold-individually","17":"purchasable","18":"product-type-simple"},"_links":{"self":[{"href":"https:\/\/angol-tanar.com\/shop\/wp-json\/wp\/v2\/product\/62","targetHints":{"allow":["GET"]}}],"collection":[{"href":"https:\/\/angol-tanar.com\/shop\/wp-json\/wp\/v2\/product"}],"about":[{"href":"https:\/\/angol-tanar.com\/shop\/wp-json\/wp\/v2\/types\/product"}],"replies":[{"embeddable":true,"href":"https:\/\/angol-tanar.com\/shop\/wp-json\/wp\/v2\/comments?post=62"}],"wp:featuredmedia":[{"embeddable":true,"href":"https:\/\/angol-tanar.com\/shop\/wp-json\/wp\/v2\/media\/80"}],"wp:attachment":[{"href":"https:\/\/angol-tanar.com\/shop\/wp-json\/wp\/v2\/media?parent=62"}],"wp:term":[{"taxonomy":"product_brand","embeddable":true,"href":"https:\/\/angol-tanar.com\/shop\/wp-json\/wp\/v2\/product_brand?post=62"},{"taxonomy":"product_cat","embeddable":true,"href":"https:\/\/angol-tanar.com\/shop\/wp-json\/wp\/v2\/product_cat?post=62"},{"taxonomy":"product_tag","embeddable":true,"href":"https:\/\/angol-tanar.com\/shop\/wp-json\/wp\/v2\/product_tag?post=62"}],"curies":[{"name":"wp","href":"https:\/\/api.w.org\/{rel}","templated":true}]}}